{"id":16383,"date":"2024-02-15T12:58:59","date_gmt":"2024-02-15T09:58:59","guid":{"rendered":"http:\/\/ternaendustriyel.com\/?post_type=product&#038;p=16383"},"modified":"2024-02-16T15:25:46","modified_gmt":"2024-02-16T12:25:46","slug":"5tvs-thermal-shut-off-valve","status":"publish","type":"product","link":"https:\/\/ternaendustriyel.com\/tr\/urun\/5tvs-thermal-shut-off-valve\/","title":{"rendered":"5TVS Termal Kapatma Vanas\u0131"},"content":{"rendered":"","protected":false},"excerpt":{"rendered":"<p><strong>Uygulamalar<\/strong><\/p>\n<ul>\n<li>Buhar ve Su Numune Alma Sistemleri<\/li>\n<li>Otomatik termostatik bypass<\/li>\n<li>Termostatik ak\u0131\u015f kontrol\u00fc<\/li>\n<li>Y\u00fcksek veya d\u00fc\u015f\u00fck s\u0131cakl\u0131k tahliyesi<\/li>\n<li>Y\u00fcksek s\u0131cakl\u0131kta g\u00fcvenlik kapatmas\u0131<\/li>\n<li>Termostatik tahliye vanas\u0131<\/li>\n<li>Termostatik so\u011futma suyu kontrol\u00fc<\/li>\n<li>Termostatik yo\u011fu\u015fma tahliyesi<\/li>\n<li>Is\u0131 e\u015fanj\u00f6rleri<\/li>\n<\/ul>\n<p><strong>Faydalar<\/strong><\/p>\n<ul>\n<li>Otomatik olarak s\u0131f\u0131rlan\u0131r, operat\u00f6r\u00fcn m\u00fcdahalesine gerek yoktur<\/li>\n<li>Harici g\u00fc\u00e7 kayna\u011f\u0131na gerek yok<\/li>\n<li>Sa\u011flam, kompakt tasar\u0131m, kolay kurulum, h\u0131zl\u0131 yan\u0131t<\/li>\n<li>Bak\u0131m gerektirmeyen<\/li>\n<li>Daha pahal\u0131 elektrikli vanalara k\u0131yasla \u00fcst\u00fcn de\u011fer sunar<\/li>\n<\/ul>\n<p><strong>\u00d6zellikler<\/strong><\/p>\n<ul>\n<li>\u00c7al\u0131\u015fma s\u0131cakl\u0131klar\u0131 bas\u0131n\u00e7tan etkilenmez.<\/li>\n<li>Korozyona dayan\u0131kl\u0131: tamam\u0131 paslanmaz \u00e7elik 316L yap\u0131.<\/li>\n<li>Uzaktan alarm g\u00f6stergesi i\u00e7in kuru kontak (iste\u011fe ba\u011fl\u0131)<\/li>\n<\/ul>","protected":false},"featured_media":16384,"comment_status":"closed","ping_status":"closed","template":"","meta":[],"product_cat":[15,62],"product_tag":[],"class_list":{"0":"post-16383","1":"product","2":"type-product","3":"status-publish","4":"has-post-thumbnail","6":"product_cat-products","7":"product_cat-swas-equipment","9":"first","10":"instock","11":"shipping-taxable","12":"product-type-simple"},"_links":{"self":[{"href":"https:\/\/ternaendustriyel.com\/tr\/wp-json\/wp\/v2\/product\/16383","targetHints":{"allow":["GET"]}}],"collection":[{"href":"https:\/\/ternaendustriyel.com\/tr\/wp-json\/wp\/v2\/product"}],"about":[{"href":"https:\/\/ternaendustriyel.com\/tr\/wp-json\/wp\/v2\/types\/product"}],"replies":[{"embeddable":true,"href":"https:\/\/ternaendustriyel.com\/tr\/wp-json\/wp\/v2\/comments?post=16383"}],"wp:featuredmedia":[{"embeddable":true,"href":"https:\/\/ternaendustriyel.com\/tr\/wp-json\/wp\/v2\/media\/16384"}],"wp:attachment":[{"href":"https:\/\/ternaendustriyel.com\/tr\/wp-json\/wp\/v2\/media?parent=16383"}],"wp:term":[{"taxonomy":"product_cat","embeddable":true,"href":"https:\/\/ternaendustriyel.com\/tr\/wp-json\/wp\/v2\/product_cat?post=16383"},{"taxonomy":"product_tag","embeddable":true,"href":"https:\/\/ternaendustriyel.com\/tr\/wp-json\/wp\/v2\/product_tag?post=16383"}],"curies":[{"name":"wp","href":"https:\/\/api.w.org\/{rel}","templated":true}]}}