{"id":16388,"date":"2024-02-15T13:24:58","date_gmt":"2024-02-15T10:24:58","guid":{"rendered":"http:\/\/ternaendustriyel.com\/?post_type=product&#038;p=16388"},"modified":"2024-02-16T15:24:42","modified_gmt":"2024-02-16T12:24:42","slug":"dg-105-degassed-cation-conductivity","status":"publish","type":"product","link":"https:\/\/ternaendustriyel.com\/tr\/urun\/dg-105-degassed-cation-conductivity\/","title":{"rendered":"DG-105 Gazdan Ar\u0131nd\u0131r\u0131lm\u0131\u015f Katyon \u0130letkenli\u011fi"},"content":{"rendered":"","protected":false},"excerpt":{"rendered":"<p><strong>Uygulamalar<\/strong><\/p>\n<ul>\n<li>Buharl\u0131 Su Analiz Sistemlerinde Gazdan Ar\u0131nd\u0131r\u0131lm\u0131\u015f \u00d6l\u00e7\u00fcm<\/li>\n<\/ul>\n<p><strong>Faydalar<\/strong><\/p>\n<ul>\n<li>Kazan noktas\u0131ndaki s\u0131cakl\u0131\u011f\u0131 ayarlamak i\u00e7in atmosferik bas\u0131n\u00e7 sens\u00f6r\u00fc i\u00e7erir<\/li>\n<li>Katyonik re\u00e7ine kolonunu, vericiyi ve iletkenlik problar\u0131n\u0131 ayn\u0131 plakaya monte etmek i\u00e7in tasarlanm\u0131\u015ft\u0131r<\/li>\n<li>Gazdan ar\u0131nd\u0131r\u0131lm\u0131\u015f iletkenlik \u00f6l\u00e7\u00fcm\u00fcne ula\u015fmak i\u00e7in k\u0131sa s\u00fcre<\/li>\n<li>Gerekli t\u00fcm bile\u015fenleri eksiksiz bir \u00fcnite olarak i\u00e7erir, yaln\u0131zca boru tesisat\u0131, tak\u0131labilir ve kullan\u0131ma haz\u0131rd\u0131r<\/li>\n<\/ul>\n<p><strong>\u00d6zellikler<\/strong><\/p>\n<ul>\n<li>ASTM D4519&#039;a g\u00f6re<\/li>\n<li>Operat\u00f6rlerin s\u0131caktan yaralanmas\u0131n\u0131 \u00f6nlemek i\u00e7in gerekli kabuk korumas\u0131n\u0131 sa\u011flay\u0131n<\/li>\n<li>Kompakt duvara montaj tasar\u0131m\u0131<\/li>\n<li>CE i\u015fareti<\/li>\n<li>Ak\u0131\u015f g\u00f6stergesi<\/li>\n<li>Anahtar korumas\u0131 &quot;ak\u0131\u015f yok&quot;<\/li>\n<\/ul>","protected":false},"featured_media":16389,"comment_status":"closed","ping_status":"closed","template":"","meta":[],"product_cat":[15,62],"product_tag":[],"class_list":{"0":"post-16388","1":"product","2":"type-product","3":"status-publish","4":"has-post-thumbnail","6":"product_cat-products","7":"product_cat-swas-equipment","9":"first","10":"instock","11":"shipping-taxable","12":"product-type-simple"},"_links":{"self":[{"href":"https:\/\/ternaendustriyel.com\/tr\/wp-json\/wp\/v2\/product\/16388","targetHints":{"allow":["GET"]}}],"collection":[{"href":"https:\/\/ternaendustriyel.com\/tr\/wp-json\/wp\/v2\/product"}],"about":[{"href":"https:\/\/ternaendustriyel.com\/tr\/wp-json\/wp\/v2\/types\/product"}],"replies":[{"embeddable":true,"href":"https:\/\/ternaendustriyel.com\/tr\/wp-json\/wp\/v2\/comments?post=16388"}],"wp:featuredmedia":[{"embeddable":true,"href":"https:\/\/ternaendustriyel.com\/tr\/wp-json\/wp\/v2\/media\/16389"}],"wp:attachment":[{"href":"https:\/\/ternaendustriyel.com\/tr\/wp-json\/wp\/v2\/media?parent=16388"}],"wp:term":[{"taxonomy":"product_cat","embeddable":true,"href":"https:\/\/ternaendustriyel.com\/tr\/wp-json\/wp\/v2\/product_cat?post=16388"},{"taxonomy":"product_tag","embeddable":true,"href":"https:\/\/ternaendustriyel.com\/tr\/wp-json\/wp\/v2\/product_tag?post=16388"}],"curies":[{"name":"wp","href":"https:\/\/api.w.org\/{rel}","templated":true}]}}