{"id":16396,"date":"2024-02-15T13:32:11","date_gmt":"2024-02-15T10:32:11","guid":{"rendered":"http:\/\/ternaendustriyel.com\/?post_type=product&#038;p=16396"},"modified":"2024-02-16T15:18:29","modified_gmt":"2024-02-16T12:18:29","slug":"isp-isokinetic-steam-sample-probe","status":"publish","type":"product","link":"https:\/\/ternaendustriyel.com\/tr\/urun\/isp-isokinetic-steam-sample-probe\/","title":{"rendered":"ISP \u0130zokinetik Buhar Numune Probu"},"content":{"rendered":"","protected":false},"excerpt":{"rendered":"<p><strong>Uygulamalar<\/strong><\/p>\n<ul>\n<li>Buharda izokinetik numune<\/li>\n<li>Di\u011fer izokinetik \u00f6rnekler<\/li>\n<\/ul>\n<p><strong>Faydalar<\/strong><\/p>\n<ul>\n<li>Temsilci \u00f6rnekleri<\/li>\n<\/ul>\n<p><strong>\u00d6zellikler<\/strong><\/p>\n<ul>\n<li>ASME PTC-19.3&#039;e g\u00f6re \u00fcretilmi\u015ftir<\/li>\n<li>Di\u011fer normlar mevcut<\/li>\n<li>Egzotik malzemeler mevcut<\/li>\n<li>Proses ko\u015fullar\u0131na g\u00f6re tasar\u0131m<\/li>\n<\/ul>","protected":false},"featured_media":16397,"comment_status":"closed","ping_status":"closed","template":"","meta":[],"product_cat":[15,62],"product_tag":[],"class_list":{"0":"post-16396","1":"product","2":"type-product","3":"status-publish","4":"has-post-thumbnail","6":"product_cat-products","7":"product_cat-swas-equipment","9":"first","10":"instock","11":"shipping-taxable","12":"product-type-simple"},"_links":{"self":[{"href":"https:\/\/ternaendustriyel.com\/tr\/wp-json\/wp\/v2\/product\/16396","targetHints":{"allow":["GET"]}}],"collection":[{"href":"https:\/\/ternaendustriyel.com\/tr\/wp-json\/wp\/v2\/product"}],"about":[{"href":"https:\/\/ternaendustriyel.com\/tr\/wp-json\/wp\/v2\/types\/product"}],"replies":[{"embeddable":true,"href":"https:\/\/ternaendustriyel.com\/tr\/wp-json\/wp\/v2\/comments?post=16396"}],"wp:featuredmedia":[{"embeddable":true,"href":"https:\/\/ternaendustriyel.com\/tr\/wp-json\/wp\/v2\/media\/16397"}],"wp:attachment":[{"href":"https:\/\/ternaendustriyel.com\/tr\/wp-json\/wp\/v2\/media?parent=16396"}],"wp:term":[{"taxonomy":"product_cat","embeddable":true,"href":"https:\/\/ternaendustriyel.com\/tr\/wp-json\/wp\/v2\/product_cat?post=16396"},{"taxonomy":"product_tag","embeddable":true,"href":"https:\/\/ternaendustriyel.com\/tr\/wp-json\/wp\/v2\/product_tag?post=16396"}],"curies":[{"name":"wp","href":"https:\/\/api.w.org\/{rel}","templated":true}]}}