{"id":16398,"date":"2024-02-15T13:33:37","date_gmt":"2024-02-15T10:33:37","guid":{"rendered":"http:\/\/ternaendustriyel.com\/?post_type=product&#038;p=16398"},"modified":"2024-02-16T15:22:35","modified_gmt":"2024-02-16T12:22:35","slug":"ssp-standard-sample-probe","status":"publish","type":"product","link":"https:\/\/ternaendustriyel.com\/tr\/urun\/ssp-standard-sample-probe\/","title":{"rendered":"SSP Standart Numune Probu"},"content":{"rendered":"","protected":false},"excerpt":{"rendered":"<p><strong>Uygulamalar<\/strong><\/p>\n<ul>\n<li>Genel uygulamalar<\/li>\n<li>S\u0131v\u0131lar ve d\u00fc\u015f\u00fck bas\u0131n\u00e7l\u0131 gazlar i\u00e7in ge\u00e7erlidir<\/li>\n<\/ul>\n<p><strong>Faydalar<\/strong><\/p>\n<ul>\n<li>Temsilci \u00f6rnekleri<\/li>\n<li>\u00c7oklu konfig\u00fcrasyonlar<\/li>\n<\/ul>\n<p><strong>\u00d6zellikler<\/strong><\/p>\n<ul>\n<li>Egzotik malzemeler mevcut<\/li>\n<li>Proses ko\u015fullar\u0131na g\u00f6re tasar\u0131m<\/li>\n<\/ul>","protected":false},"featured_media":16399,"comment_status":"closed","ping_status":"closed","template":"","meta":[],"product_cat":[62],"product_tag":[],"class_list":{"0":"post-16398","1":"product","2":"type-product","3":"status-publish","4":"has-post-thumbnail","6":"product_cat-swas-equipment","8":"first","9":"instock","10":"shipping-taxable","11":"product-type-simple"},"_links":{"self":[{"href":"https:\/\/ternaendustriyel.com\/tr\/wp-json\/wp\/v2\/product\/16398","targetHints":{"allow":["GET"]}}],"collection":[{"href":"https:\/\/ternaendustriyel.com\/tr\/wp-json\/wp\/v2\/product"}],"about":[{"href":"https:\/\/ternaendustriyel.com\/tr\/wp-json\/wp\/v2\/types\/product"}],"replies":[{"embeddable":true,"href":"https:\/\/ternaendustriyel.com\/tr\/wp-json\/wp\/v2\/comments?post=16398"}],"wp:featuredmedia":[{"embeddable":true,"href":"https:\/\/ternaendustriyel.com\/tr\/wp-json\/wp\/v2\/media\/16399"}],"wp:attachment":[{"href":"https:\/\/ternaendustriyel.com\/tr\/wp-json\/wp\/v2\/media?parent=16398"}],"wp:term":[{"taxonomy":"product_cat","embeddable":true,"href":"https:\/\/ternaendustriyel.com\/tr\/wp-json\/wp\/v2\/product_cat?post=16398"},{"taxonomy":"product_tag","embeddable":true,"href":"https:\/\/ternaendustriyel.com\/tr\/wp-json\/wp\/v2\/product_tag?post=16398"}],"curies":[{"name":"wp","href":"https:\/\/api.w.org\/{rel}","templated":true}]}}