{"id":16445,"date":"2024-02-15T14:45:30","date_gmt":"2024-02-15T11:45:30","guid":{"rendered":"http:\/\/ternaendustriyel.com\/?post_type=product&#038;p=16445"},"modified":"2024-02-16T15:21:44","modified_gmt":"2024-02-16T12:21:44","slug":"dosing-pumps","status":"publish","type":"product","link":"https:\/\/ternaendustriyel.com\/tr\/urun\/dosing-pumps\/","title":{"rendered":"Dozaj Pompalar\u0131"},"content":{"rendered":"","protected":false},"excerpt":{"rendered":"<p>Bir \u00f6l\u00e7\u00fcm pompas\u0131, belirli bir zaman diliminde kesin bir hacimde s\u0131v\u0131y\u0131 hareket ettirerek do\u011fru bir hacimsel ak\u0131\u015f h\u0131z\u0131 sa\u011flar. S\u0131v\u0131lar\u0131n hassas ayarlanabilir ak\u0131\u015f h\u0131zlar\u0131nda verilmesine bazen \u00f6l\u00e7\u00fcm denir. &quot;Dozaj pompas\u0131&quot; terimi, kullan\u0131lan pompan\u0131n tam t\u00fcr\u00fcnden ziyade uygulamaya veya kullan\u0131ma dayanmaktad\u0131r, ancak birka\u00e7 pompa t\u00fcr\u00fc di\u011fer \u00e7o\u011fu pompa t\u00fcr\u00fcnden \u00e7ok daha uygundur.<\/p>","protected":false},"featured_media":16446,"comment_status":"closed","ping_status":"closed","template":"","meta":[],"product_cat":[63],"product_tag":[],"class_list":{"0":"post-16445","1":"product","2":"type-product","3":"status-publish","4":"has-post-thumbnail","6":"product_cat-chemical-dosing-systems","8":"first","9":"instock","10":"shipping-taxable","11":"product-type-simple"},"_links":{"self":[{"href":"https:\/\/ternaendustriyel.com\/tr\/wp-json\/wp\/v2\/product\/16445","targetHints":{"allow":["GET"]}}],"collection":[{"href":"https:\/\/ternaendustriyel.com\/tr\/wp-json\/wp\/v2\/product"}],"about":[{"href":"https:\/\/ternaendustriyel.com\/tr\/wp-json\/wp\/v2\/types\/product"}],"replies":[{"embeddable":true,"href":"https:\/\/ternaendustriyel.com\/tr\/wp-json\/wp\/v2\/comments?post=16445"}],"wp:featuredmedia":[{"embeddable":true,"href":"https:\/\/ternaendustriyel.com\/tr\/wp-json\/wp\/v2\/media\/16446"}],"wp:attachment":[{"href":"https:\/\/ternaendustriyel.com\/tr\/wp-json\/wp\/v2\/media?parent=16445"}],"wp:term":[{"taxonomy":"product_cat","embeddable":true,"href":"https:\/\/ternaendustriyel.com\/tr\/wp-json\/wp\/v2\/product_cat?post=16445"},{"taxonomy":"product_tag","embeddable":true,"href":"https:\/\/ternaendustriyel.com\/tr\/wp-json\/wp\/v2\/product_tag?post=16445"}],"curies":[{"name":"wp","href":"https:\/\/api.w.org\/{rel}","templated":true}]}}