{"id":16447,"date":"2024-02-15T14:47:39","date_gmt":"2024-02-15T11:47:39","guid":{"rendered":"http:\/\/ternaendustriyel.com\/?post_type=product&#038;p=16447"},"modified":"2024-02-16T15:20:32","modified_gmt":"2024-02-16T12:20:32","slug":"pulsation-dampener","status":"publish","type":"product","link":"https:\/\/ternaendustriyel.com\/tr\/urun\/pulsation-dampener\/","title":{"rendered":"Titre\u015fim s\u00f6n\u00fcmleyici"},"content":{"rendered":"","protected":false},"excerpt":{"rendered":"<p>Titre\u015fim S\u00f6n\u00fcmleyiciler, piston, piston, hava diyafram\u0131, peristaltik, di\u015fli veya diyafram \u00f6l\u00e7\u00fcm pompas\u0131ndan titre\u015fimli ak\u0131\u015flar\u0131 ortadan kald\u0131rarak, d\u00fczg\u00fcn bir s\u00fcrekli s\u0131v\u0131 ak\u0131\u015f\u0131 ve \u00f6l\u00e7\u00fcm do\u011frulu\u011fu sa\u011flayarak, boru titre\u015fimini ortadan kald\u0131rarak ve contalar\u0131 ve contalar\u0131 koruyarak pompa sistemi verimlili\u011fini art\u0131r\u0131r. Pompan\u0131n \u00e7\u0131k\u0131\u015f\u0131na yerle\u015ftirilen Pulsafeeder Nab\u0131z S\u00f6n\u00fcmleyici, 99%&#039;ye kadar titre\u015fimsiz sabit bir ak\u0131\u015f \u00fcretecektir; T\u00fcm pompa sistemini \u015fokun zararl\u0131 etkilerinden korur. Sonu\u00e7 daha uzun \u00f6m\u00fcrl\u00fc, daha g\u00fcvenli bir sistemdir.<\/p>\n<ul>\n<li>H\u0131zl\u0131 kurulum<\/li>\n<li>Hat i\u00e7i bak\u0131m<\/li>\n<li>\u00c7ok \u00e7e\u015fitli kimyasallara dayan\u0131kl\u0131 malzemelerden yap\u0131lm\u0131\u015f g\u00f6vdeler<\/li>\n<li>En a\u015f\u0131nd\u0131r\u0131c\u0131 uygulamalara bile uygun mesaneler<\/li>\n<\/ul>","protected":false},"featured_media":16448,"comment_status":"closed","ping_status":"closed","template":"","meta":[],"product_cat":[63],"product_tag":[],"class_list":{"0":"post-16447","1":"product","2":"type-product","3":"status-publish","4":"has-post-thumbnail","6":"product_cat-chemical-dosing-systems","8":"first","9":"instock","10":"shipping-taxable","11":"product-type-simple"},"_links":{"self":[{"href":"https:\/\/ternaendustriyel.com\/tr\/wp-json\/wp\/v2\/product\/16447","targetHints":{"allow":["GET"]}}],"collection":[{"href":"https:\/\/ternaendustriyel.com\/tr\/wp-json\/wp\/v2\/product"}],"about":[{"href":"https:\/\/ternaendustriyel.com\/tr\/wp-json\/wp\/v2\/types\/product"}],"replies":[{"embeddable":true,"href":"https:\/\/ternaendustriyel.com\/tr\/wp-json\/wp\/v2\/comments?post=16447"}],"wp:featuredmedia":[{"embeddable":true,"href":"https:\/\/ternaendustriyel.com\/tr\/wp-json\/wp\/v2\/media\/16448"}],"wp:attachment":[{"href":"https:\/\/ternaendustriyel.com\/tr\/wp-json\/wp\/v2\/media?parent=16447"}],"wp:term":[{"taxonomy":"product_cat","embeddable":true,"href":"https:\/\/ternaendustriyel.com\/tr\/wp-json\/wp\/v2\/product_cat?post=16447"},{"taxonomy":"product_tag","embeddable":true,"href":"https:\/\/ternaendustriyel.com\/tr\/wp-json\/wp\/v2\/product_tag?post=16447"}],"curies":[{"name":"wp","href":"https:\/\/api.w.org\/{rel}","templated":true}]}}