{"id":16916,"date":"2024-02-15T14:44:35","date_gmt":"2024-02-15T11:44:35","guid":{"rendered":"http:\/\/ternaendustriyel.com\/?post_type=product&#038;p=16916"},"modified":"2024-03-04T11:11:28","modified_gmt":"2024-03-04T08:11:28","slug":"skid-desing","status":"publish","type":"product","link":"https:\/\/ternaendustriyel.com\/tr\/urun\/skid-desing\/","title":{"rendered":"K\u0131zak Tasar\u0131m\u0131"},"content":{"rendered":"","protected":false},"excerpt":{"rendered":"","protected":false},"featured_media":16918,"comment_status":"closed","ping_status":"closed","template":"","meta":[],"product_cat":[63],"product_tag":[],"class_list":{"0":"post-16916","1":"product","2":"type-product","3":"status-publish","4":"has-post-thumbnail","6":"product_cat-chemical-dosing-systems","8":"first","9":"instock","10":"shipping-taxable","11":"product-type-simple"},"_links":{"self":[{"href":"https:\/\/ternaendustriyel.com\/tr\/wp-json\/wp\/v2\/product\/16916","targetHints":{"allow":["GET"]}}],"collection":[{"href":"https:\/\/ternaendustriyel.com\/tr\/wp-json\/wp\/v2\/product"}],"about":[{"href":"https:\/\/ternaendustriyel.com\/tr\/wp-json\/wp\/v2\/types\/product"}],"replies":[{"embeddable":true,"href":"https:\/\/ternaendustriyel.com\/tr\/wp-json\/wp\/v2\/comments?post=16916"}],"wp:featuredmedia":[{"embeddable":true,"href":"https:\/\/ternaendustriyel.com\/tr\/wp-json\/wp\/v2\/media\/16918"}],"wp:attachment":[{"href":"https:\/\/ternaendustriyel.com\/tr\/wp-json\/wp\/v2\/media?parent=16916"}],"wp:term":[{"taxonomy":"product_cat","embeddable":true,"href":"https:\/\/ternaendustriyel.com\/tr\/wp-json\/wp\/v2\/product_cat?post=16916"},{"taxonomy":"product_tag","embeddable":true,"href":"https:\/\/ternaendustriyel.com\/tr\/wp-json\/wp\/v2\/product_tag?post=16916"}],"curies":[{"name":"wp","href":"https:\/\/api.w.org\/{rel}","templated":true}]}}